{"id":3742,"date":"2025-04-25T18:57:51","date_gmt":"2025-04-25T16:57:51","guid":{"rendered":"https:\/\/street-walkers.de\/get-streetwalkers\/"},"modified":"2025-04-25T18:57:53","modified_gmt":"2025-04-25T16:57:53","slug":"get-streetwalkers","status":"publish","type":"page","link":"https:\/\/street-walkers.de\/en\/get-streetwalkers\/","title":{"rendered":"Get StreetWalkers"},"content":{"rendered":"<p><div class=\"fusion-fullwidth fullwidth-box fusion-builder-row-1 hundred-percent-fullwidth non-hundred-percent-height-scrolling fusion-equal-height-columns\" style=\"background-color: rgba(255,255,255,0);background-position: center center;background-repeat: no-repeat;padding-top:0px;padding-right:0px;padding-bottom:0px;padding-left:0px;margin-bottom: 0px;margin-top: 0px;border-width: 0px 0px 0px 0px;border-color:#edeef2;border-style:solid;\" ><div class=\"fusion-builder-row fusion-row\"><div class=\"fusion-layout-column fusion_builder_column fusion-builder-column-0 fusion_builder_column_3_5 3_5 fusion-three-fifth fusion-column-first\" style=\"width:60%;width:calc(60% - ( ( 0px ) * 0.6 ) );margin-right: 0px;margin-top:0px;margin-bottom:0px;\"><div class=\"fusion-column-wrapper fusion-flex-column-wrapper-legacy\" style=\"background-position:left top;background-repeat:no-repeat;-webkit-background-size:cover;-moz-background-size:cover;-o-background-size:cover;background-size:cover;padding: 7% 7% 7% 7%;\"><div class=\"fusion-column-content-centered\"><div class=\"fusion-column-content\"><div class=\"fusion-text fusion-text-1\"><h2>CONTACT<span style=\"color: #d5b47f;\">.<\/span><\/h2>\n<\/div><div class=\"fusion-sep-clear\"><\/div><div class=\"fusion-separator fusion-clearfix\" style=\"float:left;margin-bottom:50px;width:100%;max-width:100px;\"><div class=\"fusion-separator-border sep-single sep-solid\" style=\"border-color:#d5b47f;border-top-width:4px;\"><\/div><\/div><div class=\"fusion-sep-clear\"><\/div><div class=\"fusion-text fusion-text-2\"><p>My name is Thomas Ebert, I am your contact person for booking. I look forward to receiving lots of information about your event, your wishes, and your inquiry. Because the more information I get from you, the more individually I can address your needs.<\/p>\n<\/div><div class=\"fusion-sep-clear\"><\/div><div class=\"fusion-separator fusion-full-width-sep\" style=\"margin-left: auto;margin-right: auto;margin-top:30px;width:100%;\"><\/div><div class=\"fusion-sep-clear\"><\/div>\n<div class=\"wpcf7 no-js\" id=\"wpcf7-f4-o1\" lang=\"de-DE\" dir=\"ltr\">\n<div class=\"screen-reader-response\"><p role=\"status\" aria-live=\"polite\" aria-atomic=\"true\"><\/p> <ul><\/ul><\/div>\n<form action=\"\/en\/wp-json\/wp\/v2\/pages\/3742#wpcf7-f4-o1\" method=\"post\" class=\"wpcf7-form init wpcf7-acceptance-as-validation\" aria-label=\"Kontaktformular\" novalidate=\"novalidate\" data-status=\"init\">\n<div style=\"display: none;\">\n<input type=\"hidden\" name=\"_wpcf7\" value=\"4\" \/>\n<input type=\"hidden\" name=\"_wpcf7_version\" value=\"5.9.8\" \/>\n<input type=\"hidden\" name=\"_wpcf7_locale\" value=\"de_DE\" \/>\n<input type=\"hidden\" name=\"_wpcf7_unit_tag\" value=\"wpcf7-f4-o1\" \/>\n<input type=\"hidden\" name=\"_wpcf7_container_post\" value=\"0\" \/>\n<input type=\"hidden\" name=\"_wpcf7_posted_data_hash\" value=\"\" \/>\n<\/div>\n<div class=\"fusion-columns\">\n\t<div class=\"fusion-column col-lg-6 col-md-6 col-sm-6\" style=\"margin-bottom: 30px;\">\n\t\t<p><span class=\"wpcf7-form-control-wrap\" data-name=\"your-name\"><input size=\"40\" maxlength=\"400\" class=\"wpcf7-form-control wpcf7-text wpcf7-validates-as-required\" aria-required=\"true\" aria-invalid=\"false\" placeholder=\"IHR NAME *\" value=\"\" type=\"text\" name=\"your-name\" \/><\/span>\n\t\t<\/p>\n\t<\/div>\n\t<div class=\"fusion-column col-lg-6 col-md-6 col-sm-6\" style=\"margin-bottom: 30px;\">\n\t\t<p><span class=\"wpcf7-form-control-wrap\" data-name=\"your-email\"><input size=\"40\" maxlength=\"400\" class=\"wpcf7-form-control wpcf7-email wpcf7-validates-as-required wpcf7-text wpcf7-validates-as-email\" aria-required=\"true\" aria-invalid=\"false\" placeholder=\"IHRE E-MAIL-ADRESSE *\" value=\"\" type=\"email\" name=\"your-email\" \/><\/span>\n\t\t<\/p>\n\t<\/div>\n\t<div class=\"fusion-clearfix\">\n\t<\/div>\n<\/div>\n<div class=\"fusion-columns\">\n\t<div class=\"fusion-column col-lg-6 col-md-6 col-sm-6\" style=\"margin-bottom: 30px;\">\n\t\t<p><span class=\"wpcf7-form-control-wrap\" data-name=\"your-phone\"><input size=\"40\" maxlength=\"400\" class=\"wpcf7-form-control wpcf7-text\" aria-invalid=\"false\" placeholder=\"IHRE TELEFONNUMMER\" value=\"\" type=\"text\" name=\"your-phone\" \/><\/span>\n\t\t<\/p>\n\t<\/div>\n\t<div class=\"fusion-column col-lg-6 col-md-6 col-sm-6\" style=\"margin-bottom: 30px;\">\n\t\t<p><span class=\"wpcf7-form-control-wrap\" data-name=\"your-company\"><input size=\"40\" maxlength=\"400\" class=\"wpcf7-form-control wpcf7-text\" aria-invalid=\"false\" placeholder=\"IHR FIRMENNAME\" value=\"\" type=\"text\" name=\"your-company\" \/><\/span>\n\t\t<\/p>\n\t<\/div>\n\t<div class=\"fusion-clearfix\">\n\t<\/div>\n<\/div>\n<div style=\"margin-bottom: 30px;\">\n\t<p><span class=\"wpcf7-form-control-wrap\" data-name=\"your-message\"><textarea cols=\"40\" rows=\"10\" maxlength=\"2000\" class=\"wpcf7-form-control wpcf7-textarea wpcf7-validates-as-required\" aria-required=\"true\" aria-invalid=\"false\" placeholder=\"IHRE NACHRICHT AN UNS\" name=\"your-message\"><\/textarea><\/span>\n\t<\/p>\n<\/div>\n<div>\n\t<p class=\"full\"><span class=\"wpcf7-form-control-wrap\" data-name=\"datenSchutz\"><span class=\"wpcf7-form-control wpcf7-acceptance\"><span class=\"wpcf7-list-item\"><label><input type=\"checkbox\" name=\"datenSchutz\" value=\"1\" class=\"datenschutz\" aria-invalid=\"false\" \/><span class=\"wpcf7-list-item-label\">Ich habe die <a href=\"https:\/\/street-walkers.de\/datenschutzhinweise\/\" target=\"_blank\">Datenschutzhinweise<\/a> zur Kenntnis genommen. Ich stimme zu, dass meine Angaben zur Kontaktaufnahme und f\u00fcr R\u00fcckfragen gespeichert werden k\u00f6nnen. (Sie k\u00f6nnen jederzeit formlos Ihre Einwilligung per E-Mail an: <a href=\"mailto:agentur@allentertainment.de\">agentur@allentertainment.de<\/a> widerrufen.)<\/span><\/label><\/span><\/span><\/span>\n\t<\/p>\n<\/div>\n<p><input class=\"wpcf7-form-control wpcf7-submit has-spinner\" type=\"submit\" value=\"SENDEN\" \/>\n<\/p><div class=\"fusion-alert alert custom alert-custom fusion-alert-center wpcf7-response-output fusion-alert-capitalize alert-dismissable\" role=\"alert\" style=\"border-width:1px;\"><div class=\"fusion-alert-content-wrapper\"><span class=\"fusion-alert-content\"><\/span><\/div><button type=\"button\" class=\"close toggle-alert\" data-dismiss=\"alert\" aria-label=\"Close\">&times;<\/button><\/div>\n<\/form>\n<\/div>\n<\/div><\/div><div class=\"fusion-clearfix\"><\/div><\/div><\/div><div class=\"fusion-layout-column fusion_builder_column fusion-builder-column-1 fusion_builder_column_2_5 2_5 fusion-two-fifth fusion-column-last\" style=\"width:40%;width:calc(40% - ( ( 0px ) * 0.4 ) );margin-top:0px;margin-bottom:0px;\"><div class=\"fusion-column-wrapper fusion-flex-column-wrapper-legacy\" style=\"background-position:left top;background-repeat:no-repeat;-webkit-background-size:cover;-moz-background-size:cover;-o-background-size:cover;background-size:cover;padding: 0px 0px 0px 0px;\"><div class=\"fusion-sep-clear\"><\/div><div class=\"fusion-separator fusion-full-width-sep\" style=\"margin-left: auto;margin-right: auto;margin-top:200px;width:100%;\"><\/div><div class=\"fusion-sep-clear\"><\/div><span class=\" fusion-imageframe imageframe-none imageframe-1 hover-type-none\" style=\"border:12px solid #768894;border-radius:50%;\"><img decoding=\"async\" width=\"300\" height=\"300\" alt=\"Silvana Lodato is the contact person for booking the band\" title=\"Thomas-Ebert_400x400\" src=\"http:\/\/street-walkers.de\/wp-content\/uploads\/\/Thomas-Ebert_400x400-300x300.jpg\" class=\"img-responsive wp-image-3718\" srcset=\"https:\/\/street-walkers.de\/wp-content\/uploads\/Thomas-Ebert_400x400-200x200.jpg 200w, https:\/\/street-walkers.de\/wp-content\/uploads\/Thomas-Ebert_400x400.jpg 400w\" sizes=\"(max-width: 960px) 100vw, 300px\" \/><\/span><div class=\"fusion-clearfix\"><\/div><\/div><\/div><\/div><\/div><div class=\"fusion-fullwidth fullwidth-box fusion-builder-row-2 fusion-parallax-none nonhundred-percent-fullwidth non-hundred-percent-height-scrolling fusion-equal-height-columns\" style=\"background-color: #acbdc7;background-image: url(&quot;https:\/\/street-walkers.de\/wp-content\/uploads\/Open-Air.jpg&quot;);background-position: center top;background-repeat: no-repeat;padding-top:40px;padding-right:0px;padding-bottom:90px;padding-left:0px;margin-bottom: 0px;margin-top: 0px;border-width: 0px 0px 0px 0px;border-color:#edeef2;border-style:solid;-webkit-background-size:cover;-moz-background-size:cover;-o-background-size:cover;background-size:cover;\" ><div class=\"fusion-builder-row fusion-row\"><div class=\"fusion-layout-column fusion_builder_column fusion-builder-column-2 fusion_builder_column_1_1 1_1 fusion-one-full fusion-column-first fusion-column-last\" style=\"margin-top:15px;margin-bottom:15px;\"><div class=\"fusion-column-wrapper fusion-flex-column-wrapper-legacy\" style=\"background-position:left top;background-repeat:no-repeat;-webkit-background-size:cover;-moz-background-size:cover;-o-background-size:cover;background-size:cover;border-width: 0 0 0 10px;border-color:#d5b47f;border-style:solid;padding: 0px 30px 0px 30px;\"><div class=\"fusion-column-content-centered\"><div class=\"fusion-column-content\"><div class=\"fusion-text fusion-text-3\"><h2 style=\"color: #fff; margin: 0;\"><span style=\"font-size: 190%; line-height: 1;\">MORE INFO<span style=\"color: #d5b47f;\">?<\/span><\/span><br \/>\nON PRICES, AVAILABILITY  THE BAND<span style=\"color: #d5b47f;\">.Call!<\/span><\/h2>\n<\/div><\/div><\/div><div class=\"fusion-clearfix\"><\/div><\/div><\/div><\/div><\/div><\/p>\n","protected":false},"excerpt":{"rendered":"","protected":false},"author":2,"featured_media":0,"parent":0,"menu_order":0,"comment_status":"closed","ping_status":"closed","template":"100-width.php","meta":{"footnotes":""},"yoast_head":"<!-- This site is optimized with the Yoast SEO plugin v23.5 - https:\/\/yoast.com\/wordpress\/plugins\/seo\/ -->\n<title>StreetWalkers - Consultation on Lineup Booking of the Mobile Live Band<\/title>\n<meta name=\"description\" content=\"Do you want the best live music, have no time for soundcheck and no stage on-site? Then we are exactly the right band for your event.\" \/>\n<meta name=\"robots\" content=\"index, follow, max-snippet:-1, max-image-preview:large, max-video-preview:-1\" \/>\n<link rel=\"canonical\" href=\"https:\/\/street-walkers.de\/en\/get-streetwalkers\/\" \/>\n<meta property=\"og:locale\" content=\"en_US\" \/>\n<meta property=\"og:type\" content=\"article\" \/>\n<meta property=\"og:title\" content=\"StreetWalkers - Consultation on Lineup Booking of the Mobile Live Band\" \/>\n<meta property=\"og:description\" content=\"Do you want the best live music, have no time for soundcheck and no stage on-site? Then we are exactly the right band for your event.\" \/>\n<meta property=\"og:url\" content=\"https:\/\/street-walkers.de\/en\/get-streetwalkers\/\" \/>\n<meta property=\"og:site_name\" content=\"StreetWalkers - Die mobile Band\" \/>\n<meta property=\"article:modified_time\" content=\"2025-04-25T16:57:53+00:00\" \/>\n<meta name=\"twitter:card\" content=\"summary_large_image\" \/>\n<meta name=\"twitter:label1\" content=\"Est. reading time\" \/>\n\t<meta name=\"twitter:data1\" content=\"6 minutes\" \/>\n<script type=\"application\/ld+json\" class=\"yoast-schema-graph\">{\"@context\":\"https:\/\/schema.org\",\"@graph\":[{\"@type\":\"WebPage\",\"@id\":\"https:\/\/street-walkers.de\/en\/get-streetwalkers\/\",\"url\":\"https:\/\/street-walkers.de\/en\/get-streetwalkers\/\",\"name\":\"StreetWalkers - Consultation on Lineup Booking of the Mobile Live Band\",\"isPartOf\":{\"@id\":\"http:\/\/street-walkers.de\/en\/#website\"},\"datePublished\":\"2025-04-25T16:57:51+00:00\",\"dateModified\":\"2025-04-25T16:57:53+00:00\",\"description\":\"Do you want the best live music, have no time for soundcheck and no stage on-site? Then we are exactly the right band for your event.\",\"breadcrumb\":{\"@id\":\"https:\/\/street-walkers.de\/en\/get-streetwalkers\/#breadcrumb\"},\"inLanguage\":\"en-US\",\"potentialAction\":[{\"@type\":\"ReadAction\",\"target\":[\"https:\/\/street-walkers.de\/en\/get-streetwalkers\/\"]}]},{\"@type\":\"BreadcrumbList\",\"@id\":\"https:\/\/street-walkers.de\/en\/get-streetwalkers\/#breadcrumb\",\"itemListElement\":[{\"@type\":\"ListItem\",\"position\":1,\"name\":\"Startseite\",\"item\":\"http:\/\/street-walkers.de\/en\/\"},{\"@type\":\"ListItem\",\"position\":2,\"name\":\"Get StreetWalkers\"}]},{\"@type\":\"WebSite\",\"@id\":\"http:\/\/street-walkers.de\/en\/#website\",\"url\":\"http:\/\/street-walkers.de\/en\/\",\"name\":\"StreetWalkers - Die mobile Band\",\"description\":\"Mitten drin statt nur dabei!\",\"potentialAction\":[{\"@type\":\"SearchAction\",\"target\":{\"@type\":\"EntryPoint\",\"urlTemplate\":\"http:\/\/street-walkers.de\/en\/?s={search_term_string}\"},\"query-input\":{\"@type\":\"PropertyValueSpecification\",\"valueRequired\":true,\"valueName\":\"search_term_string\"}}],\"inLanguage\":\"en-US\"}]}<\/script>\n<!-- \/ Yoast SEO plugin. -->","yoast_head_json":{"title":"StreetWalkers - Consultation on Lineup Booking of the Mobile Live Band","description":"Do you want the best live music, have no time for soundcheck and no stage on-site? Then we are exactly the right band for your event.","robots":{"index":"index","follow":"follow","max-snippet":"max-snippet:-1","max-image-preview":"max-image-preview:large","max-video-preview":"max-video-preview:-1"},"canonical":"https:\/\/street-walkers.de\/en\/get-streetwalkers\/","og_locale":"en_US","og_type":"article","og_title":"StreetWalkers - Consultation on Lineup Booking of the Mobile Live Band","og_description":"Do you want the best live music, have no time for soundcheck and no stage on-site? Then we are exactly the right band for your event.","og_url":"https:\/\/street-walkers.de\/en\/get-streetwalkers\/","og_site_name":"StreetWalkers - Die mobile Band","article_modified_time":"2025-04-25T16:57:53+00:00","twitter_card":"summary_large_image","twitter_misc":{"Est. reading time":"6 minutes"},"schema":{"@context":"https:\/\/schema.org","@graph":[{"@type":"WebPage","@id":"https:\/\/street-walkers.de\/en\/get-streetwalkers\/","url":"https:\/\/street-walkers.de\/en\/get-streetwalkers\/","name":"StreetWalkers - Consultation on Lineup Booking of the Mobile Live Band","isPartOf":{"@id":"http:\/\/street-walkers.de\/en\/#website"},"datePublished":"2025-04-25T16:57:51+00:00","dateModified":"2025-04-25T16:57:53+00:00","description":"Do you want the best live music, have no time for soundcheck and no stage on-site? Then we are exactly the right band for your event.","breadcrumb":{"@id":"https:\/\/street-walkers.de\/en\/get-streetwalkers\/#breadcrumb"},"inLanguage":"en-US","potentialAction":[{"@type":"ReadAction","target":["https:\/\/street-walkers.de\/en\/get-streetwalkers\/"]}]},{"@type":"BreadcrumbList","@id":"https:\/\/street-walkers.de\/en\/get-streetwalkers\/#breadcrumb","itemListElement":[{"@type":"ListItem","position":1,"name":"Startseite","item":"http:\/\/street-walkers.de\/en\/"},{"@type":"ListItem","position":2,"name":"Get StreetWalkers"}]},{"@type":"WebSite","@id":"http:\/\/street-walkers.de\/en\/#website","url":"http:\/\/street-walkers.de\/en\/","name":"StreetWalkers - Die mobile Band","description":"Mitten drin statt nur dabei!","potentialAction":[{"@type":"SearchAction","target":{"@type":"EntryPoint","urlTemplate":"http:\/\/street-walkers.de\/en\/?s={search_term_string}"},"query-input":{"@type":"PropertyValueSpecification","valueRequired":true,"valueName":"search_term_string"}}],"inLanguage":"en-US"}]}},"_links":{"self":[{"href":"https:\/\/street-walkers.de\/en\/wp-json\/wp\/v2\/pages\/3742"}],"collection":[{"href":"https:\/\/street-walkers.de\/en\/wp-json\/wp\/v2\/pages"}],"about":[{"href":"https:\/\/street-walkers.de\/en\/wp-json\/wp\/v2\/types\/page"}],"author":[{"embeddable":true,"href":"https:\/\/street-walkers.de\/en\/wp-json\/wp\/v2\/users\/2"}],"replies":[{"embeddable":true,"href":"https:\/\/street-walkers.de\/en\/wp-json\/wp\/v2\/comments?post=3742"}],"version-history":[{"count":3,"href":"https:\/\/street-walkers.de\/en\/wp-json\/wp\/v2\/pages\/3742\/revisions"}],"predecessor-version":[{"id":3745,"href":"https:\/\/street-walkers.de\/en\/wp-json\/wp\/v2\/pages\/3742\/revisions\/3745"}],"wp:attachment":[{"href":"https:\/\/street-walkers.de\/en\/wp-json\/wp\/v2\/media?parent=3742"}],"curies":[{"name":"wp","href":"https:\/\/api.w.org\/{rel}","templated":true}]}}